{"id":7206,"date":"2026-01-22T14:56:44","date_gmt":"2026-01-22T19:56:44","guid":{"rendered":"https:\/\/jackastors.com\/events\/"},"modified":"2026-01-22T15:06:48","modified_gmt":"2026-01-22T20:06:48","slug":"events","status":"publish","type":"page","link":"https:\/\/jackastors.com\/fr\/events\/","title":{"rendered":"R\u00e9servation d\u2019\u00e9v\u00e9nement"},"content":{"rendered":"\n<style>\n.theme1 #main-content {\n    background-color: #1a1a1a;\n }\n .theme2 #main-content, .theme3 #main-content {\n    background-color: #000000;\n }\nbody.light {\n    padding-top: 0px;\n}\n.theme1 .contact-header {\n    background-color: #1a1a1a;\n}\n.theme2 .contact-header, .theme3 .contact-header {\n    background-color: #000000;\n}\n.contact-hero-img {\n    background-image: url(https:\/\/scaddabush.com\/wp-content\/uploads\/2025\/07\/Event_Venue_Contact_Hero.jpg);\n    display: flex;\n    align-items: center;\n    justify-content: center;\n    background-size: cover;\n    background-position: center;\n    background-repeat: no-repeat;\n    min-height: 300px;\n}\n.header-copy {\n    max-width: 1120px;\n    padding: 20px 50px 20px 50px;\n    display: block;\n    margin: auto;\n    text-align: center;\n    color: #FFFFFF;\n}\n.contact-title {\n    padding: 20px 0;\n    text-transform: uppercase;\n}\n.contact-subtitle {\n    padding: 20px 0;\n}\n.contact-form {\n    max-width: 1120px;\n    padding: 50px;\n    display: block;\n    margin: auto;\n    color: #000000;\n    background-color: #e1ded5;\n\n}\n.wpcf7-form {\n    position: relative;\n    overflow: hidden;\n    display: flex !important;\n    flex-wrap: wrap;\n    justify-content: space-between;\n}\n.wpcf7-form-control-wrap:has(.comment-contact) {\ndisplay: flex;\n}\n.event-type-checkbox {\n    display: flex;\n    flex-direction: column;\n    font-size: 15px;\nflex-basis: 50%;\nmax-width: 50%;\n}\n.bill-type-radio {\n    display: flex;\n    flex-direction: column;\n    font-size: 15px;\n}\nlabel {\n    font-size: 14px;\n}\ninput {\n    max-width: 350px;\n    font-size: 14px;\n    font-family: 'Poppins', sans-serif;\n    border: 1px solid #f14a4054;\n}\n.fname-contact, .name-contact, .phone-contact, .email-contact, .location-contact, .date-contact, .event-type-checkbox, .bill-type-radio, .guestcount-contact, .eventtime-contact {\nflex-basis: 50%;\nmax-width: 50%;\n}\n.comment-contact, .submit-contact {\nflex-basis: 100%;\nmax-width: 100%;\n}\n.comment-contact {\n    font-size: 14px;\n    color: #000000;\n    font-family: 'Poppins', sans-serif;\n    border: 1px solid #f14a4054;\n}\n.half-col {\nflex-basis: 50%;\nmax-width: 50%;\n}\n@media (max-width: 700px) {\n.half-col {\nflex-basis: 100%;\nmax-width: 100%;\n}\n}\n.full-col {\nflex-basis: 100%;\nmax-width: 100%;\n}\n.half-col select {\n    font-size: 14px;\n    font-family: 'Poppins', sans-serif;\n    border: 1px solid #f14a4054;\n    color: #000000;\n}\n.submit-contact {\n    background-color: var(--red);\n    color: #FFFFFF;\n    border: none;\n    font-weight: 700;\n    padding: 10px 30px;\n    font-size: 1rem;\n    max-width: 200px;\n    text-transform: capitalize;\n}\n.wpcf7-form-control-wrap:has(.comment-contact) {\n    flex-direction: column;\n}\n.submit-contact:hover {\n    text-decoration: none !important;\n    color: #000000 !important;\n    background-color: #FFF !important;\n}\n.footer-disclaimer {\ntext-align: center;\nfont-size: 14px;\ncolor: #FFFFFF;\nmargin: auto;\npadding: 20px 0;\n}\n<\/style>\n<section class=\"contact-header\">\n<!--<div class=\"contact-hero-img\"><\/div>-->\n<div class=\"header-copy\">\n    <div><h3 class=\"contact-title\">R\u00e9servation de la mezzanine du Jack<\/h3>\n    <\/div>\n    <div><p class=\"contact-subtitle\">Veuillez nous indiquer quelques d\u00e9tails additionnels relatifs \u00e0 votre \u00e9v\u00e9nement.<br>Cette demande n\u2019est pas une garantie de r\u00e9servation et un membre de notre \u00e9quipe vous contactera dans les 24 heures ouvrables pour confirmer la disponibilit\u00e9 du restaurant et les prochaines \u00e9tapes.<\/p>\n    <\/div>\n<\/div>\n<\/section>\n<section class=\"contact-form\">\n    <div>\n        \n<div class=\"wpcf7 no-js\" id=\"wpcf7-f7209-o1\" lang=\"fr-CA\" dir=\"ltr\" data-wpcf7-id=\"7209\">\n<div class=\"screen-reader-response\"><p role=\"status\" aria-live=\"polite\" aria-atomic=\"true\"><\/p> <ul><\/ul><\/div>\n<form action=\"\/fr\/wp-json\/wp\/v2\/pages\/7206#wpcf7-f7209-o1\" method=\"post\" class=\"wpcf7-form init\" aria-label=\"Contact form\" novalidate=\"novalidate\" data-status=\"init\">\n<fieldset class=\"hidden-fields-container\"><input type=\"hidden\" name=\"_wpcf7\" value=\"7209\" \/><input type=\"hidden\" name=\"_wpcf7_version\" value=\"6.1.5\" \/><input type=\"hidden\" name=\"_wpcf7_locale\" value=\"fr_CA\" \/><input type=\"hidden\" name=\"_wpcf7_unit_tag\" value=\"wpcf7-f7209-o1\" \/><input type=\"hidden\" name=\"_wpcf7_container_post\" value=\"0\" \/><input type=\"hidden\" name=\"_wpcf7_posted_data_hash\" value=\"\" \/><input type=\"hidden\" name=\"_wpcf7cf_hidden_group_fields\" value=\"[]\" \/><input type=\"hidden\" name=\"_wpcf7cf_hidden_groups\" value=\"[]\" \/><input type=\"hidden\" name=\"_wpcf7cf_visible_groups\" value=\"[]\" \/><input type=\"hidden\" name=\"_wpcf7cf_repeaters\" value=\"[]\" \/><input type=\"hidden\" name=\"_wpcf7cf_steps\" value=\"{}\" \/><input type=\"hidden\" name=\"_wpcf7cf_options\" value=\"{&quot;form_id&quot;:7209,&quot;conditions&quot;:[{&quot;then_field&quot;:&quot;avCond&quot;,&quot;and_rules&quot;:[{&quot;if_field&quot;:&quot;avRadio&quot;,&quot;operator&quot;:&quot;equals&quot;,&quot;if_value&quot;:&quot;Oui&quot;}]}],&quot;settings&quot;:{&quot;animation&quot;:&quot;yes&quot;,&quot;animation_intime&quot;:200,&quot;animation_outtime&quot;:200,&quot;conditions_ui&quot;:&quot;normal&quot;,&quot;notice_dismissed&quot;:false}}\" \/>\n<\/fieldset>\n<div class=\"half-col\">\n\t<p><label>Pr\u00e9nom*<\/label><br \/>\n<span class=\"wpcf7-form-control-wrap\" data-name=\"firstName\"><input size=\"40\" maxlength=\"400\" class=\"wpcf7-form-control wpcf7-text wpcf7-validates-as-required fname-contact\" autocomplete=\"name\" aria-required=\"true\" aria-invalid=\"false\" value=\"\" type=\"text\" name=\"firstName\" \/><\/span>\n\t<\/p>\n<\/div>\n<div class=\"half-col\">\n\t<p><label>Nom*<\/label><br \/>\n<span class=\"wpcf7-form-control-wrap\" data-name=\"lastName\"><input size=\"40\" maxlength=\"400\" class=\"wpcf7-form-control wpcf7-text wpcf7-validates-as-required lname-contact\" autocomplete=\"name\" aria-required=\"true\" aria-invalid=\"false\" value=\"\" type=\"text\" name=\"lastName\" \/><\/span>\n\t<\/p>\n<\/div>\n<div class=\"half-col\">\n\t<p><label>T\u00e9l\u00e9phone*<\/label><br \/>\n<span class=\"wpcf7-form-control-wrap\" data-name=\"Phone\"><input size=\"40\" maxlength=\"400\" class=\"wpcf7-form-control wpcf7-tel wpcf7-text wpcf7-validates-as-tel phone-contact\" autocomplete=\"tel\" aria-invalid=\"false\" value=\"\" type=\"tel\" name=\"Phone\" \/><\/span>\n\t<\/p>\n<\/div>\n<div class=\"half-col\">\n\t<p><label>Adresse courriel*<\/label><br \/>\n<span class=\"wpcf7-form-control-wrap\" data-name=\"emailAddress\"><input size=\"40\" maxlength=\"400\" class=\"wpcf7-form-control wpcf7-email wpcf7-validates-as-required wpcf7-text wpcf7-validates-as-email email-contact\" autocomplete=\"email\" aria-required=\"true\" aria-invalid=\"false\" value=\"\" type=\"email\" name=\"emailAddress\" \/><\/span>\n\t<\/p>\n<\/div>\n<div class=\"half-col\">\n\t<p><label>Quel est l\u2019emplacement qui vous int\u00e9resse?*<\/label><br \/>\n<span class=\"wpcf7-form-control-wrap\" data-name=\"select-67\"><select class=\"wpcf7-form-control wpcf7-select wpcf7-validates-as-required location-contact\" aria-required=\"true\" aria-invalid=\"false\" name=\"select-67\"><option value=\"LAVAL \u2013 18, av. Pierre-P\u00e9ladeau, local FA01\">LAVAL \u2013 18, av. Pierre-P\u00e9ladeau, local FA01<\/option><\/select><\/span>\n\t<\/p>\n<\/div>\n<div class=\"half-col\">\n\t<p><label>Date d\u2019\u00e9v\u00e9nement*<\/label><br \/>\n<span class=\"wpcf7-form-control-wrap\" data-name=\"eventDate\"><input class=\"wpcf7-form-control wpcf7-date wpcf7-validates-as-required wpcf7-validates-as-date date-contact\" min=\"2026-04-17\" aria-required=\"true\" aria-invalid=\"false\" value=\"\" type=\"date\" name=\"eventDate\" \/><\/span>\n\t<\/p>\n<\/div>\n<div class=\"half-col\">\n\t<p><label>Type d\u2019\u00e9v\u00e9nement*<\/label><br \/>\n<span class=\"wpcf7-form-control-wrap\" data-name=\"eventType\"><span class=\"wpcf7-form-control wpcf7-checkbox wpcf7-validates-as-required event-type-checkbox\"><span class=\"wpcf7-list-item first\"><input type=\"checkbox\" name=\"eventType[]\" value=\"R\u00e9ception avec cocktail\" \/><span class=\"wpcf7-list-item-label\">R\u00e9ception avec cocktail<\/span><\/span><span class=\"wpcf7-list-item\"><input type=\"checkbox\" name=\"eventType[]\" value=\"Repas servi \u00e0 table\" \/><span class=\"wpcf7-list-item-label\">Repas servi \u00e0 table<\/span><\/span><span class=\"wpcf7-list-item\"><input type=\"checkbox\" name=\"eventType[]\" value=\"Rencontre\" \/><span class=\"wpcf7-list-item-label\">Rencontre<\/span><\/span><span class=\"wpcf7-list-item\"><input type=\"checkbox\" name=\"eventType[]\" value=\"Pr\u00e9sentation\" \/><span class=\"wpcf7-list-item-label\">Pr\u00e9sentation<\/span><\/span><span class=\"wpcf7-list-item last\"><input type=\"checkbox\" name=\"eventType[]\" value=\"Autre\" \/><span class=\"wpcf7-list-item-label\">Autre<\/span><\/span><\/span><\/span>\n\t<\/p>\n<\/div>\n<div class=\"half-col\">\n\t<p><label>Votre \u00e9v\u00e9nement sera-t-il factur\u00e9 sur une seule addition?*<\/label><br \/>\n<span class=\"wpcf7-form-control-wrap\" data-name=\"billType\"><span class=\"wpcf7-form-control wpcf7-radio bill-type-radio\"><span class=\"wpcf7-list-item first\"><input type=\"radio\" name=\"billType\" value=\"Oui\" \/><span class=\"wpcf7-list-item-label\">Oui<\/span><\/span><span class=\"wpcf7-list-item last\"><input type=\"radio\" name=\"billType\" value=\"Non\" \/><span class=\"wpcf7-list-item-label\">Non<\/span><\/span><\/span><\/span>\n\t<\/p>\n<\/div>\n<div class=\"half-col\">\n\t<p><label>Aurez-vous besoin d\u2019\u00e9quipement audiovisuel (A\/V) pour votre \u00e9v\u00e9nement? *<\/label><br \/>\n<span class=\"wpcf7-form-control-wrap\" data-name=\"avRadio\"><span class=\"wpcf7-form-control wpcf7-radio bill-type-radio\"><span class=\"wpcf7-list-item first\"><input type=\"radio\" name=\"avRadio\" value=\"Oui\" \/><span class=\"wpcf7-list-item-label\">Oui<\/span><\/span><span class=\"wpcf7-list-item last\"><input type=\"radio\" name=\"avRadio\" value=\"Non\" \/><span class=\"wpcf7-list-item-label\">Non<\/span><\/span><\/span><\/span>\n\t<\/p>\n\t<div data-id=\"avCond\" data-orig_data_id=\"avCond\" data-clear_on_hide class=\"\" data-class=\"wpcf7cf_group\">\n\t\t<p><label>Veuillez fournir des d\u00e9tails sur vos besoins en A\/V, y compris toute exigence particuli\u00e8re. *<\/label><br \/>\n<span class=\"wpcf7-form-control-wrap\" data-name=\"avComment\"><textarea cols=\"40\" rows=\"10\" maxlength=\"2000\" class=\"wpcf7-form-control wpcf7-textarea wpcf7-validates-as-required comment-contact\" aria-required=\"true\" aria-invalid=\"false\" name=\"avComment\"><\/textarea><\/span>\n\t\t<\/p>\n\t<\/div>\n<\/div>\n<div class=\"half-col\">\n\t<p><label>Nombre d\u2019invit\u00e9s (Non applicable aux \u00e9v\u00e9nements de moins de 20 personnes)*<\/label><br \/>\n<span class=\"wpcf7-form-control-wrap\" data-name=\"guestCount\"><input class=\"wpcf7-form-control wpcf7-number wpcf7-validates-as-required wpcf7-validates-as-number guestcount-contact\" min=\"20\" max=\"9999\" aria-required=\"true\" aria-invalid=\"false\" value=\"\" type=\"number\" name=\"guestCount\" \/><\/span>\n\t<\/p>\n<\/div>\n<div class=\"half-col\">\n\t<p><label>Heure de d\u00e9but \/ Heure de fin*<\/label><br \/>\n<span class=\"wpcf7-form-control-wrap\" data-name=\"startEndTime\"><input size=\"40\" maxlength=\"400\" class=\"wpcf7-form-control wpcf7-text wpcf7-validates-as-required eventtime-contact\" autocomplete=\"name\" aria-required=\"true\" aria-invalid=\"false\" value=\"\" type=\"text\" name=\"startEndTime\" \/><\/span>\n\t<\/p>\n<\/div>\n<div class=\"full-col\">\n\t<p><label>Dites-nous en plus sur l\u2019\u00e9v\u00e9nement!<\/label><br \/>\n<span class=\"wpcf7-form-control-wrap\" data-name=\"commentBox\"><textarea cols=\"40\" rows=\"10\" maxlength=\"2000\" class=\"wpcf7-form-control wpcf7-textarea wpcf7-validates-as-required comment-contact\" aria-required=\"true\" aria-invalid=\"false\" name=\"commentBox\"><\/textarea><\/span>\n\t<\/p>\n<\/div>\n<div>\n\t<p><input class=\"wpcf7-form-control wpcf7-submit has-spinner submit-contact\" type=\"submit\" value=\"Soumettre\" \/>\n\t<\/p>\n<\/div>\n<p class='xazufi'><span class=\"wpcf7-form-control-wrap\" data-name=\"xazufi\"><input size=\"40\" maxlength=\"400\" class=\"wpcf7-form-control wpcf7-text\" aria-invalid=\"false\" value=\"\" type=\"text\" name=\"xazufi\" \/><\/span>\n<\/p>\n<p class='xetuyi'><span class=\"wpcf7-form-control-wrap\" data-name=\"xetuyi\"><input size=\"40\" maxlength=\"400\" class=\"wpcf7-form-control wpcf7-text\" aria-invalid=\"false\" value=\"\" type=\"text\" name=\"xetuyi\" \/><\/span>\n<\/p>\n<p class='lagiku'><span class=\"wpcf7-form-control-wrap\" data-name=\"lagiku\"><input size=\"40\" maxlength=\"400\" class=\"wpcf7-form-control wpcf7-text\" aria-invalid=\"false\" value=\"\" type=\"text\" name=\"lagiku\" \/><\/span>\n<\/p><div class=\"wpcf7-response-output\" aria-hidden=\"true\"><\/div>\n<\/form>\n<\/div>\n\n    <\/div>\n<\/section>\n<script>\ndocument.addEventListener(\"DOMContentLoaded\", function () {\n  const dropdown = document.querySelector('select[name=\"select-67\"]');\n  if (!dropdown) return;\n\n  const locationMap = {\n    \"925\": \"Airport\",\n    \"944\": \"Kingston\",\n    \"943\": \"Laval\",\n    \"932\": \"Scarborough\",\n  };\n\n  const urlParams = new URLSearchParams(window.location.search);\n  let locationId = urlParams.get(\"locationId\");\n\n  if (!locationId) {\n    const match = document.cookie.match('(?:^|; )sir-mm_my-store-id=([^;]*)');\n    if (match) locationId = match[1];\n  }\n\n  if (!locationId || !(locationId in locationMap)) return;\n\n  const locationLabel = locationMap[locationId];\n\n  for (let option of dropdown.options) {\n    if (option.text === locationLabel) {\n      option.selected = true;\n      break;\n    }\n  }\n});\n<\/script>\n","protected":false},"excerpt":{"rendered":"<p>R\u00e9servation de la mezzanine du Jack Veuillez nous indiquer quelques d\u00e9tails additionnels relatifs \u00e0 votre \u00e9v\u00e9nement.Cette demande n\u2019est pas une garantie de r\u00e9servation et un membre de notre \u00e9quipe vous contactera dans les 24 heures ouvrables pour confirmer la disponibilit\u00e9 du restaurant et les prochaines \u00e9tapes.<\/p>\n","protected":false},"author":7,"featured_media":0,"parent":0,"menu_order":0,"comment_status":"closed","ping_status":"closed","template":"","meta":{"_acf_changed":false,"footnotes":""},"class_list":["post-7206","page","type-page","status-publish","hentry"],"acf":[],"yoast_head":"<!-- This site is optimized with the Yoast SEO plugin v27.4 - https:\/\/yoast.com\/product\/yoast-seo-wordpress\/ -->\n<title>R\u00e9servation d\u2019\u00e9v\u00e9nement | Jack Astor\u2019s Bar &amp; Grill<\/title>\n<meta name=\"robots\" content=\"noindex, nofollow\" \/>\n<meta property=\"og:locale\" content=\"fr_CA\" \/>\n<meta property=\"og:type\" content=\"article\" \/>\n<meta property=\"og:title\" content=\"R\u00e9servation d\u2019\u00e9v\u00e9nement | Jack Astor\u2019s Bar &amp; Grill\" \/>\n<meta property=\"og:description\" content=\"R\u00e9servation de la mezzanine du Jack Veuillez nous indiquer quelques d\u00e9tails additionnels relatifs \u00e0 votre \u00e9v\u00e9nement.Cette demande n\u2019est pas une garantie de r\u00e9servation et un membre de notre \u00e9quipe vous contactera dans les 24 heures ouvrables pour confirmer la disponibilit\u00e9 du restaurant et les prochaines \u00e9tapes.\" \/>\n<meta property=\"og:url\" content=\"https:\/\/jackastors.com\/fr\/events\/\" \/>\n<meta property=\"og:site_name\" content=\"Jack Astor\u2019s Bar &amp; Grill\" \/>\n<meta property=\"article:publisher\" content=\"https:\/\/www.facebook.com\/jackastors\" \/>\n<meta property=\"article:modified_time\" content=\"2026-01-22T20:06:48+00:00\" \/>\n<meta name=\"twitter:card\" content=\"summary_large_image\" \/>\n<meta name=\"twitter:label1\" content=\"Estimation du temps de lecture\" \/>\n\t<meta name=\"twitter:data1\" content=\"1 minute\" \/>\n<script type=\"application\/ld+json\" class=\"yoast-schema-graph\">{\"@context\":\"https:\\\/\\\/schema.org\",\"@graph\":[{\"@type\":\"WebPage\",\"@id\":\"https:\\\/\\\/jackastors.com\\\/fr\\\/events\\\/\",\"url\":\"https:\\\/\\\/jackastors.com\\\/fr\\\/events\\\/\",\"name\":\"R\u00e9servation d\u2019\u00e9v\u00e9nement | Jack Astor\u2019s Bar &amp; Grill\",\"isPartOf\":{\"@id\":\"https:\\\/\\\/jackastors.com\\\/fr\\\/#website\"},\"datePublished\":\"2026-01-22T19:56:44+00:00\",\"dateModified\":\"2026-01-22T20:06:48+00:00\",\"breadcrumb\":{\"@id\":\"https:\\\/\\\/jackastors.com\\\/fr\\\/events\\\/#breadcrumb\"},\"inLanguage\":\"fr-CA\",\"potentialAction\":[{\"@type\":\"ReadAction\",\"target\":[\"https:\\\/\\\/jackastors.com\\\/fr\\\/events\\\/\"]}]},{\"@type\":\"BreadcrumbList\",\"@id\":\"https:\\\/\\\/jackastors.com\\\/fr\\\/events\\\/#breadcrumb\",\"itemListElement\":[{\"@type\":\"ListItem\",\"position\":1,\"name\":\"Home\",\"item\":\"https:\\\/\\\/jackastors.com\\\/fr\\\/\"},{\"@type\":\"ListItem\",\"position\":2,\"name\":\"R\u00e9servation d\u2019\u00e9v\u00e9nement\"}]},{\"@type\":\"WebSite\",\"@id\":\"https:\\\/\\\/jackastors.com\\\/fr\\\/#website\",\"url\":\"https:\\\/\\\/jackastors.com\\\/fr\\\/\",\"name\":\"Jack Astor\u2019s Bar & Grill\",\"description\":\"Jack Astor&#039;s Bar &amp; Grill\",\"publisher\":{\"@id\":\"https:\\\/\\\/jackastors.com\\\/fr\\\/#organization\"},\"potentialAction\":[{\"@type\":\"SearchAction\",\"target\":{\"@type\":\"EntryPoint\",\"urlTemplate\":\"https:\\\/\\\/jackastors.com\\\/fr\\\/?s={search_term_string}\"},\"query-input\":{\"@type\":\"PropertyValueSpecification\",\"valueRequired\":true,\"valueName\":\"search_term_string\"}}],\"inLanguage\":\"fr-CA\"},{\"@type\":\"Organization\",\"@id\":\"https:\\\/\\\/jackastors.com\\\/fr\\\/#organization\",\"name\":\"Jack Astor's\",\"url\":\"https:\\\/\\\/jackastors.com\\\/fr\\\/\",\"logo\":{\"@type\":\"ImageObject\",\"inLanguage\":\"fr-CA\",\"@id\":\"https:\\\/\\\/jackastors.com\\\/fr\\\/#\\\/schema\\\/logo\\\/image\\\/\",\"url\":\"https:\\\/\\\/jackastors.com\\\/wp-content\\\/uploads\\\/2021\\\/09\\\/00_header_jacks_logo_desktop@2x.png\",\"contentUrl\":\"https:\\\/\\\/jackastors.com\\\/wp-content\\\/uploads\\\/2021\\\/09\\\/00_header_jacks_logo_desktop@2x.png\",\"width\":330,\"height\":124,\"caption\":\"Jack Astor's\"},\"image\":{\"@id\":\"https:\\\/\\\/jackastors.com\\\/fr\\\/#\\\/schema\\\/logo\\\/image\\\/\"},\"sameAs\":[\"https:\\\/\\\/www.facebook.com\\\/jackastors\"]}]}<\/script>\n<!-- \/ Yoast SEO plugin. -->","yoast_head_json":{"title":"R\u00e9servation d\u2019\u00e9v\u00e9nement | Jack Astor\u2019s Bar &amp; Grill","robots":{"index":"noindex","follow":"nofollow"},"og_locale":"fr_CA","og_type":"article","og_title":"R\u00e9servation d\u2019\u00e9v\u00e9nement | Jack Astor\u2019s Bar &amp; Grill","og_description":"R\u00e9servation de la mezzanine du Jack Veuillez nous indiquer quelques d\u00e9tails additionnels relatifs \u00e0 votre \u00e9v\u00e9nement.Cette demande n\u2019est pas une garantie de r\u00e9servation et un membre de notre \u00e9quipe vous contactera dans les 24 heures ouvrables pour confirmer la disponibilit\u00e9 du restaurant et les prochaines \u00e9tapes.","og_url":"https:\/\/jackastors.com\/fr\/events\/","og_site_name":"Jack Astor\u2019s Bar &amp; Grill","article_publisher":"https:\/\/www.facebook.com\/jackastors","article_modified_time":"2026-01-22T20:06:48+00:00","twitter_card":"summary_large_image","twitter_misc":{"Estimation du temps de lecture":"1 minute"},"schema":{"@context":"https:\/\/schema.org","@graph":[{"@type":"WebPage","@id":"https:\/\/jackastors.com\/fr\/events\/","url":"https:\/\/jackastors.com\/fr\/events\/","name":"R\u00e9servation d\u2019\u00e9v\u00e9nement | Jack Astor\u2019s Bar &amp; Grill","isPartOf":{"@id":"https:\/\/jackastors.com\/fr\/#website"},"datePublished":"2026-01-22T19:56:44+00:00","dateModified":"2026-01-22T20:06:48+00:00","breadcrumb":{"@id":"https:\/\/jackastors.com\/fr\/events\/#breadcrumb"},"inLanguage":"fr-CA","potentialAction":[{"@type":"ReadAction","target":["https:\/\/jackastors.com\/fr\/events\/"]}]},{"@type":"BreadcrumbList","@id":"https:\/\/jackastors.com\/fr\/events\/#breadcrumb","itemListElement":[{"@type":"ListItem","position":1,"name":"Home","item":"https:\/\/jackastors.com\/fr\/"},{"@type":"ListItem","position":2,"name":"R\u00e9servation d\u2019\u00e9v\u00e9nement"}]},{"@type":"WebSite","@id":"https:\/\/jackastors.com\/fr\/#website","url":"https:\/\/jackastors.com\/fr\/","name":"Jack Astor\u2019s Bar & Grill","description":"Jack Astor&#039;s Bar &amp; Grill","publisher":{"@id":"https:\/\/jackastors.com\/fr\/#organization"},"potentialAction":[{"@type":"SearchAction","target":{"@type":"EntryPoint","urlTemplate":"https:\/\/jackastors.com\/fr\/?s={search_term_string}"},"query-input":{"@type":"PropertyValueSpecification","valueRequired":true,"valueName":"search_term_string"}}],"inLanguage":"fr-CA"},{"@type":"Organization","@id":"https:\/\/jackastors.com\/fr\/#organization","name":"Jack Astor's","url":"https:\/\/jackastors.com\/fr\/","logo":{"@type":"ImageObject","inLanguage":"fr-CA","@id":"https:\/\/jackastors.com\/fr\/#\/schema\/logo\/image\/","url":"https:\/\/jackastors.com\/wp-content\/uploads\/2021\/09\/00_header_jacks_logo_desktop@2x.png","contentUrl":"https:\/\/jackastors.com\/wp-content\/uploads\/2021\/09\/00_header_jacks_logo_desktop@2x.png","width":330,"height":124,"caption":"Jack Astor's"},"image":{"@id":"https:\/\/jackastors.com\/fr\/#\/schema\/logo\/image\/"},"sameAs":["https:\/\/www.facebook.com\/jackastors"]}]}},"publishpress_future_workflow_manual_trigger":{"enabledWorkflows":[]},"_links":{"self":[{"href":"https:\/\/jackastors.com\/fr\/wp-json\/wp\/v2\/pages\/7206","targetHints":{"allow":["GET"]}}],"collection":[{"href":"https:\/\/jackastors.com\/fr\/wp-json\/wp\/v2\/pages"}],"about":[{"href":"https:\/\/jackastors.com\/fr\/wp-json\/wp\/v2\/types\/page"}],"author":[{"embeddable":true,"href":"https:\/\/jackastors.com\/fr\/wp-json\/wp\/v2\/users\/7"}],"replies":[{"embeddable":true,"href":"https:\/\/jackastors.com\/fr\/wp-json\/wp\/v2\/comments?post=7206"}],"version-history":[{"count":2,"href":"https:\/\/jackastors.com\/fr\/wp-json\/wp\/v2\/pages\/7206\/revisions"}],"predecessor-version":[{"id":7210,"href":"https:\/\/jackastors.com\/fr\/wp-json\/wp\/v2\/pages\/7206\/revisions\/7210"}],"wp:attachment":[{"href":"https:\/\/jackastors.com\/fr\/wp-json\/wp\/v2\/media?parent=7206"}],"curies":[{"name":"wp","href":"https:\/\/api.w.org\/{rel}","templated":true}]}}